{"id":5,"date":"2020-06-02T04:06:25","date_gmt":"2020-06-02T04:06:25","guid":{"rendered":"https:\/\/szeghalom.hu\/top_plusz-1-2-1\/?page_id=5"},"modified":"2026-03-17T09:45:01","modified_gmt":"2026-03-17T09:45:01","slug":"elementor-5","status":"publish","type":"page","link":"https:\/\/szeghalom.hu\/top_plusz-1-2-1\/","title":{"rendered":"Kezd\u0151lap"},"content":{"rendered":"\t\t<div data-elementor-type=\"wp-post\" data-elementor-id=\"5\" class=\"elementor elementor-5\" data-elementor-settings=\"[]\">\n\t\t\t\t\t\t<div class=\"elementor-inner\">\n\t\t\t\t\t\t\t<div class=\"elementor-section-wrap\">\n\t\t\t\t\t\t\t<section class=\"elementor-section elementor-top-section elementor-element elementor-element-6fd8422 elementor-section-boxed elementor-section-height-default elementor-section-height-default\" data-id=\"6fd8422\" data-element_type=\"section\">\n\t\t\t\t\t\t<div class=\"elementor-container elementor-column-gap-default\">\n\t\t\t\t\t\t\t<div class=\"elementor-row\">\n\t\t\t\t\t<div class=\"elementor-column elementor-col-50 elementor-top-column elementor-element elementor-element-809390b\" data-id=\"809390b\" data-element_type=\"column\">\n\t\t\t<div class=\"elementor-column-wrap elementor-element-populated\">\n\t\t\t\t\t\t\t<div class=\"elementor-widget-wrap\">\n\t\t\t\t\t\t<div class=\"elementor-element elementor-element-e1414c6 elementor-widget elementor-widget-image\" data-id=\"e1414c6\" data-element_type=\"widget\" data-widget_type=\"image.default\">\n\t\t\t\t<div class=\"elementor-widget-container\">\n\t\t\t\t\t\t\t\t<div class=\"elementor-image\">\n\t\t\t\t\t\t\t\t\t\t\t\t<img loading=\"lazy\" decoding=\"async\" width=\"640\" height=\"193\" src=\"https:\/\/szeghalom.hu\/top_plusz-1-2-1\/wp-content\/uploads\/2022\/04\/GINOP_PLUSZ-1.2.1.Honlap_infoblokk-1024x309.jpg\" class=\"attachment-large size-large\" alt=\"\" srcset=\"https:\/\/szeghalom.hu\/top_plusz-1-2-1\/wp-content\/uploads\/2022\/04\/GINOP_PLUSZ-1.2.1.Honlap_infoblokk-1024x309.jpg 1024w, https:\/\/szeghalom.hu\/top_plusz-1-2-1\/wp-content\/uploads\/2022\/04\/GINOP_PLUSZ-1.2.1.Honlap_infoblokk-300x91.jpg 300w, https:\/\/szeghalom.hu\/top_plusz-1-2-1\/wp-content\/uploads\/2022\/04\/GINOP_PLUSZ-1.2.1.Honlap_infoblokk-768x232.jpg 768w, https:\/\/szeghalom.hu\/top_plusz-1-2-1\/wp-content\/uploads\/2022\/04\/GINOP_PLUSZ-1.2.1.Honlap_infoblokk.jpg 1401w\" sizes=\"auto, (max-width: 34.9rem) calc(100vw - 2rem), (max-width: 53rem) calc(8 * (100vw \/ 12)), (min-width: 53rem) calc(6 * (100vw \/ 12)), 100vw\" \/>\t\t\t\t\t\t\t\t\t\t\t\t\t\t<\/div>\n\t\t\t\t\t\t<\/div>\n\t\t\t\t<\/div>\n\t\t\t\t\t\t<\/div>\n\t\t\t\t\t<\/div>\n\t\t<\/div>\n\t\t\t\t<div class=\"elementor-column elementor-col-50 elementor-top-column elementor-element elementor-element-29fa0ba\" data-id=\"29fa0ba\" data-element_type=\"column\">\n\t\t\t<div class=\"elementor-column-wrap\">\n\t\t\t\t\t\t\t<div class=\"elementor-widget-wrap\">\n\t\t\t\t\t\t\t\t<\/div>\n\t\t\t\t\t<\/div>\n\t\t<\/div>\n\t\t\t\t\t\t\t\t<\/div>\n\t\t\t\t\t<\/div>\n\t\t<\/section>\n\t\t\t\t<section class=\"elementor-section elementor-top-section elementor-element elementor-element-d72f89d elementor-section-boxed elementor-section-height-default elementor-section-height-default\" data-id=\"d72f89d\" data-element_type=\"section\">\n\t\t\t\t\t\t<div class=\"elementor-container elementor-column-gap-default\">\n\t\t\t\t\t\t\t<div class=\"elementor-row\">\n\t\t\t\t\t<div class=\"elementor-column elementor-col-100 elementor-top-column elementor-element elementor-element-dda387b\" data-id=\"dda387b\" data-element_type=\"column\">\n\t\t\t<div class=\"elementor-column-wrap elementor-element-populated\">\n\t\t\t\t\t\t\t<div class=\"elementor-widget-wrap\">\n\t\t\t\t\t\t<div class=\"elementor-element elementor-element-a4953e2 elementor-widget elementor-widget-heading\" data-id=\"a4953e2\" data-element_type=\"widget\" data-widget_type=\"heading.default\">\n\t\t\t\t<div class=\"elementor-widget-container\">\n\t\t\t<h2 class=\"elementor-heading-title elementor-size-large\">Belter\u00fcleti csapad\u00e9kv\u00edz rendszer rekonstrukci\u00f3ja - TOP-PLUSZ-1.2.1-BS1-2022-00012<\/h2>\t\t<\/div>\n\t\t\t\t<\/div>\n\t\t\t\t<div class=\"elementor-element elementor-element-36bf9e7 elementor-widget elementor-widget-text-editor\" data-id=\"36bf9e7\" data-element_type=\"widget\" data-widget_type=\"text-editor.default\">\n\t\t\t\t<div class=\"elementor-widget-container\">\n\t\t\t\t\t\t\t\t<div class=\"elementor-text-editor elementor-clearfix\">\n\t\t\t\t<p><strong>Kedvezm\u00e9nyezett neve:<\/strong> Szeghalom V\u00e1ros \u00d6nkorm\u00e1nyzata<\/p><p><strong>Projekt c\u00edme:<\/strong> Belter\u00fcleti csapad\u00e9kv\u00edz rendszer rekonstrukci\u00f3ja<\/p><p><strong>Szerz\u0151d\u00f6tt t\u00e1mogat\u00e1s<\/strong> \u00f6sszege: <strong>84.721.188<\/strong> \u00a0Ft<\/p><p><strong>T\u00e1mogat\u00e1s m\u00e9rt\u00e9ke:<\/strong> 100 %<\/p><p><strong>A projekt c\u00e9lja \u00e9s r\u00f6vid le\u00edr\u00e1sa:<\/strong><\/p><p><strong>\u00a0<\/strong>Szeghalom v\u00e1ros c\u00e9lja a \u201eSzeghalom I-II sz\u00e1m\u00fa belv\u00edzi \u00f6bl\u00f6zet r\u00e9szleges rekonstrukci\u00f3ja\u201d c\u00edm\u0171 projekt megval\u00f3s\u00edt\u00e1s\u00e1val az volt, hogy a belter\u00fclet v\u00e9delm\u00e9t szolg\u00e1l\u00f3 v\u00edzelvezet\u0151-h\u00e1l\u00f3zat rekonstrukci\u00f3ja sor\u00e1n megval\u00f3suljanak a k\u00f6vetkez\u0151k: a helyi v\u00edzk\u00e1r vesz\u00e9lyeztetetts\u00e9g cs\u00f6kkent\u00e9se, a k\u00e1resem\u00e9nyek megel\u0151z\u00e9se, a csatorn\u00e1k v\u00edzgy\u0171jt\u0151 ter\u00fclet\u00e9n jelentkez\u0151 csapad\u00e9k legr\u00f6videbb \u00faton t\u00f6rt\u00e9n\u0151, kell\u0151 biztons\u00e1ggal, a v\u00edzmin\u0151s\u00e9gi k\u00f6vetelm\u00e9nyeket is figyelembe vev\u0151 elvezet\u00e9se a befogad\u00f3kba. A projekt megval\u00f3s\u00edt\u00e1sa az 56. sz\u00e1m\u00fa Szeghalmi belv\u00edzrendszert (232,8 km2) \u00e9rintette.<\/p><p>A projekt megval\u00f3s\u00edt\u00e1sa hozz\u00e1j\u00e1rult telep\u00fcl\u00e9si vonzer\u0151 n\u00f6veked\u00e9s\u00e9hez, amelynek k\u00f6zvetlen hat\u00e1sa van a n\u00e9pess\u00e9gmegtart\u00f3 k\u00e9pess\u00e9gre \u00e9s a turisztikai vonzer\u0151re, valamint gazdas\u00e1g\u00e9l\u00e9nk\u00edt\u0151 szerepe is van.<\/p><p>Fejleszt\u00e9s Indokolts\u00e1ga: A kor\u00e1bbi \u00e9vek \u00fczemel\u00e9si tapasztalataib\u00f3l kiindulva a projekt c\u00e9lter\u00fclet\u00e9n (\u00c1rp\u00e1d utcai f\u0151gy\u0171jt\u0151 csatorna) miel\u0151bbi beavatkoz\u00e1sra volt sz\u00fcks\u00e9g. A tervez\u00e9si ter\u00fcleten ugyanis jelent\u0151s gondot okoztak a hirtelen lez\u00fadul\u00f3, nagy intenzit\u00e1s\u00fa csapad\u00e9kok. A probl\u00e9m\u00e1t fokozta, hogy a csatorn\u00e1k jelenleg is \u00fczemelnek f\u0151gy\u0171jt\u0151 csatornak\u00e9nt, azonban a meder t\u00f6bb helyen elfajult, becs\u00faszott, biztons\u00e1gos v\u00edz elvezet\u00e9sre nem voltak\u00a0 alkalmasak.<\/p><p>A belv\u00edz k\u00e1rt\u00e9telek cs\u00f6kkent\u00e9se \u00e9rdek\u00e9ben a Polg\u00e1rmesteri Hivatal t\u00f6bb alkalommal rendelt el belv\u00edzv\u00e9delmi k\u00e9sz\u00fclts\u00e9get az elm\u00falt \u00e9vekben.<\/p><p>F\u0151bb megval\u00f3sult tev\u00e9kenys\u00e9gek: \u00c1rp\u00e1d utca, Bajcsy-Zsilinszky utca, D\u00f3zsa utca csapad\u00e9kv\u00edz rendszer\u00e9nek rekonstrukci\u00f3ja brutt\u00f3 85.000.000. C\u00e9lunk a csatorn\u00e1k r\u00e9szben z\u00e1rtt\u00e1 t\u00e9tele, r\u00e9szben burkolt csatorna kialak\u00edt\u00e1sa volt. A D\u00f3zsa u.-i terhelt, z\u00e1rt csatorna (felh\u0151szakad\u00e1s jelleg\u0171 z\u00e1porokn\u00e1l a felsz\u00edni el\u00f6nt\u00e9sek megsz\u00fcntet\u00e9se) r\u00e9szbeni tehermentes\u00edt\u00e9se, a rekonstrukci\u00f3ra szorul\u00f3 Bajcsy-Zsilinszky \u00e9s \u00c1rp\u00e1d utcai csatorn\u00e1n kereszt\u00fcl az \u00e9rintett szakasz \u00e1tker\u00fclt a l\u00e9nyegesen jobb befogad\u00f3 \u00e9s t\u00e1roz\u00e1si\u00a0 szabad kapacit\u00e1ssal rendelkez\u0151 II. sz. belv\u00edzi \u00f6bl\u00f6zet \u00c1rp\u00e1d. utcai f\u0151csatorn\u00e1j\u00e1ra. \u00cdgy jelent\u0151sen tudtuk n\u00f6velni a vizek helyben tart\u00e1s\u00e1t telep\u00fcl\u00e9sen bel\u00fcl, mivel jobb ar\u00e1nyok alakultak ki a t\u00falterhelt Szeleskerti f\u0151gy\u0171jt\u0151 csatorna \u00e9s a l\u00e9nyegesen kev\u00e9sb\u00e9 terhelt \u00c1rp\u00e1d utcai csatorna k\u00f6z\u00f6tt.<\/p><p>Projekt keret\u00e9ben a k\u00f6vetkez\u0151 t\u00e1mogathat\u00f3 tev\u00e9kenys\u00e9g megval\u00f3sul\u00e1sa t\u00f6rt\u00e9nt meg:<\/p><ol><li>A) Telep\u00fcl\u00e9si k\u00e9kinfrastrukt\u00fara fejleszt\u00e9se (v\u00edzgazd\u00e1lkod\u00e1si beavatkoz\u00e1sok)<\/li><li>Belter\u00fclet klimatikus \u00e9s fizikai v\u00e9delm\u00e9t szolg\u00e1l\u00f3 v\u00edzmegtart\u00f3 \u00e9s v\u00edzelvezet\u0151-h\u00e1l\u00f3zat fejleszt\u00e9se, rekonstrukci\u00f3ja az integr\u00e1lt-csapad\u00e9kv\u00edz-gazd\u00e1lkod\u00e1s c\u00e9ljainak figyelembe v\u00e9tel\u00e9vel \u00e9s a telep\u00fcl\u00e9sen tapasztalhat\u00f3 kl\u00edmav\u00e1ltoz\u00e1s okozta negat\u00edv hat\u00e1sok m\u00e9rs\u00e9kl\u00e9s\u00e9nek el\u0151seg\u00edt\u00e9s\u00e9vel<\/li><li>b) Elv\u00e1lasztott rendszer\u0171 csapad\u00e9kv\u00edz-elvezet\u0151 h\u00e1l\u00f3zat ki\u00e9p\u00edt\u00e9se, fel\u00faj\u00edt\u00e1sa, fejleszt\u00e9se, ezen bel\u00fcl: ny\u00edlt csapad\u00e9kv\u00edz elvezet\u0151\/visszatart\u00f3 rendszer, illetve belv\u00edz elvezet\u0151\/visszatart\u00f3 h\u00e1l\u00f3zat \u00e9p\u00edt\u00e9se mederkialak\u00edt\u00e1ssal, helyre\u00e1ll\u00edt\u00e1ssal, a m\u0171t\u00e1rgyak \u00e1t\u00e9p\u00edt\u00e9s\u00e9vel \u00e9s helyre\u00e1ll\u00edt\u00e1s\u00e1val egy\u00fctt, valamint kiz\u00e1r\u00f3lag indokolt esetben z\u00e1rt csapad\u00e9kv\u00edz elvezet\u0151 rendszer \u00e9p\u00edt\u00e9se<\/li><\/ol><p>A tervezett tev\u00e9kenys\u00e9gek kieg\u00e9sz\u00edt\u00e9sek\u00e9nt megval\u00f3sult Szeml\u00e9let form\u00e1l\u00f3 tev\u00e9kenys\u00e9g is civil szervezetekkel a lakoss\u00e1g, mint c\u00e9lcsoport sz\u00e1m\u00e1ra (csal\u00e1di napok szervez\u00e9se v\u00edz-leveg\u0151-k\u00f6rnyezet t\u00e9mak\u00f6rben).<\/p><p>Projekt konzorciumban val\u00f3sul meg a B\u00e9k\u00e9s Megyei \u00d6nkorm\u00e1nyzati Hivatallal<\/p><p><strong>Projekt tervezett befejez\u00e9si d\u00e1tuma:<\/strong>\u00a0<span style=\"font-size: 1em;\">2026.06.30<\/span><\/p><p><strong>Projekt azonos\u00edt\u00f3 sz\u00e1ma:<\/strong> TOP-PLUSZ-1.2.1-BS1-2022-00012<\/p><p><a href=\"https:\/\/szeghalom.hu\/top_plusz-1-2-1\/wp-content\/uploads\/2024\/12\/TOP-Plusz-1.2.1-21-belviz-jav.pdf\">Sajt\u00f3k\u00f6zlem\u00e9ny nyit\u00e1sr\u00f3l<\/a><\/p><p><a href=\"https:\/\/szeghalom.hu\/top_plusz-1-2-1\/wp-content\/uploads\/2025\/01\/Sajtokozlemeny-zaro-TOP-Plusz-1.2.1-21-belviz.pdf\">Sajt\u00f3k\u00f6zlem\u00e9ny z\u00e1r\u00e1sr\u00f3l<\/a><\/p><p><a href=\"https:\/\/szeghalom.hu\/top_plusz-1-2-1\/wp-content\/uploads\/2026\/03\/honlapra-TOP-Plusz-1.2.1-21-BS1-2022-00012-2026.03.12.pdf\">T\u00e1j\u00e9koztat\u00f3<\/a><\/p><p>K\u00e9pek: <a href=\"https:\/\/szeghalom.hu\/top_plusz-1-2-1\/wp-content\/uploads\/2024\/12\/1-scaled.jpg\">1<\/a> <a href=\"https:\/\/szeghalom.hu\/top_plusz-1-2-1\/wp-content\/uploads\/2024\/12\/2-scaled.jpg\">2<\/a> <a href=\"https:\/\/szeghalom.hu\/top_plusz-1-2-1\/wp-content\/uploads\/2024\/12\/3-scaled.jpg\">3<\/a> <a href=\"https:\/\/szeghalom.hu\/top_plusz-1-2-1\/wp-content\/uploads\/2024\/12\/4-scaled.jpg\">4<\/a> <a href=\"https:\/\/szeghalom.hu\/top_plusz-1-2-1\/wp-content\/uploads\/2024\/12\/5-scaled.jpg\">5<\/a> <a href=\"https:\/\/szeghalom.hu\/top_plusz-1-2-1\/wp-content\/uploads\/2024\/12\/6-scaled.jpg\">6<\/a><\/p>\t\t\t\t\t<\/div>\n\t\t\t\t\t\t<\/div>\n\t\t\t\t<\/div>\n\t\t\t\t\t\t<\/div>\n\t\t\t\t\t<\/div>\n\t\t<\/div>\n\t\t\t\t\t\t\t\t<\/div>\n\t\t\t\t\t<\/div>\n\t\t<\/section>\n\t\t\t\t\t\t<\/div>\n\t\t\t\t\t\t<\/div>\n\t\t\t\t\t<\/div>\n\t\t","protected":false},"excerpt":{"rendered":"<p>Belter\u00fcleti csapad\u00e9kv\u00edz rendszer rekonstrukci\u00f3ja &#8211; TOP-PLUSZ-1.2.1-BS1-2022-00012 Kedvezm\u00e9nyezett neve: Szeghalom V\u00e1ros \u00d6nkorm\u00e1nyzata Projekt c\u00edme: Belter\u00fcleti csapad\u00e9kv\u00edz rendszer rekonstrukci\u00f3ja Szerz\u0151d\u00f6tt t\u00e1mogat\u00e1s \u00f6sszege: 84.721.188 \u00a0Ft T\u00e1mogat\u00e1s m\u00e9rt\u00e9ke: 100 % A projekt c\u00e9lja \u00e9s r\u00f6vid le\u00edr\u00e1sa: \u00a0Szeghalom v\u00e1ros c\u00e9lja a \u201eSzeghalom I-II sz\u00e1m\u00fa belv\u00edzi \u00f6bl\u00f6zet r\u00e9szleges rekonstrukci\u00f3ja\u201d c\u00edm\u0171 projekt megval\u00f3s\u00edt\u00e1s\u00e1val az volt, hogy a belter\u00fclet v\u00e9delm\u00e9t szolg\u00e1l\u00f3 v\u00edzelvezet\u0151-h\u00e1l\u00f3zat rekonstrukci\u00f3ja &hellip; <\/p>\n<p class=\"link-more\"><a href=\"https:\/\/szeghalom.hu\/top_plusz-1-2-1\/\" class=\"more-link\"><span class=\"screen-reader-text\">&#8222;Kezd\u0151lap&#8221;<\/span> b\u0151vebben<\/a><\/p>\n","protected":false},"author":1,"featured_media":0,"parent":0,"menu_order":0,"comment_status":"closed","ping_status":"closed","template":"elementor_canvas","meta":{"footnotes":""},"class_list":["post-5","page","type-page","status-publish","hentry","entry"],"_links":{"self":[{"href":"https:\/\/szeghalom.hu\/top_plusz-1-2-1\/index.php\/wp-json\/wp\/v2\/pages\/5","targetHints":{"allow":["GET"]}}],"collection":[{"href":"https:\/\/szeghalom.hu\/top_plusz-1-2-1\/index.php\/wp-json\/wp\/v2\/pages"}],"about":[{"href":"https:\/\/szeghalom.hu\/top_plusz-1-2-1\/index.php\/wp-json\/wp\/v2\/types\/page"}],"author":[{"embeddable":true,"href":"https:\/\/szeghalom.hu\/top_plusz-1-2-1\/index.php\/wp-json\/wp\/v2\/users\/1"}],"replies":[{"embeddable":true,"href":"https:\/\/szeghalom.hu\/top_plusz-1-2-1\/index.php\/wp-json\/wp\/v2\/comments?post=5"}],"version-history":[{"count":57,"href":"https:\/\/szeghalom.hu\/top_plusz-1-2-1\/index.php\/wp-json\/wp\/v2\/pages\/5\/revisions"}],"predecessor-version":[{"id":114,"href":"https:\/\/szeghalom.hu\/top_plusz-1-2-1\/index.php\/wp-json\/wp\/v2\/pages\/5\/revisions\/114"}],"wp:attachment":[{"href":"https:\/\/szeghalom.hu\/top_plusz-1-2-1\/index.php\/wp-json\/wp\/v2\/media?parent=5"}],"curies":[{"name":"wp","href":"https:\/\/api.w.org\/{rel}","templated":true}]}}