{"id":504,"date":"2019-09-15T14:39:53","date_gmt":"2019-09-15T14:39:53","guid":{"rendered":"http:\/\/szeghalom.hu\/EFOP-4-1-8-16-2017-00086\/?page_id=504"},"modified":"2020-06-21T17:14:26","modified_gmt":"2020-06-21T17:14:26","slug":"sajtokozlemeny","status":"publish","type":"page","link":"https:\/\/szeghalom.hu\/EFOP-4-1-8-16-2017-00086\/sajtokozlemeny\/","title":{"rendered":"Sajt\u00f3k\u00f6zlem\u00e9ny"},"content":{"rendered":"<p>[et_pb_section bb_built=&#8221;1&#8243; fullwidth=&#8221;on&#8221; _builder_version=&#8221;3.0.47&#8243;][et_pb_fullwidth_image animation=&#8221;off&#8221; _builder_version=&#8221;3.0.82&#8243; use_border_color=&#8221;on&#8221; border_color=&#8221;#000000&#8243; show_in_lightbox=&#8221;off&#8221; url_new_window=&#8221;off&#8221; use_overlay=&#8221;off&#8221; border_style=&#8221;solid&#8221; box_shadow_position=&#8221;outer&#8221; animation_direction=&#8221;off&#8221; \/][et_pb_fullwidth_menu _builder_version=&#8221;3.0.82&#8243; menu_id=&#8221;5&#8243; submenu_direction=&#8221;downwards&#8221; fullwidth_menu=&#8221;off&#8221; background_layout=&#8221;light&#8221; box_shadow_position=&#8221;outer&#8221; \/][\/et_pb_section][et_pb_section bb_built=&#8221;1&#8243; _builder_version=&#8221;3.0.47&#8243;][et_pb_row custom_padding=&#8221;0px|0px|0px|33px&#8221; _builder_version=&#8221;3.0.47&#8243; background_size=&#8221;initial&#8221; background_position=&#8221;top_left&#8221; background_repeat=&#8221;repeat&#8221;][et_pb_column type=&#8221;1_2&#8243;][et_pb_text _builder_version=&#8221;3.0.82&#8243; custom_margin=&#8221;100px|||&#8221; background_layout=&#8221;light&#8221; border_style=&#8221;solid&#8221; box_shadow_position=&#8221;outer&#8221;]<\/p>\n<h3>Az EFOP-4.1.8-16-2017-00086 azonos\u00edt\u00f3sz\u00e1m\u00fa projekt Z\u00c1R\u00c1S\u00c1R\u00d3L<\/h3>\n<p><strong>Sikeresen megval\u00f3sult \u201eA szeghalmi Nagy Mikl\u00f3s V\u00e1rosi K\u00f6nyvt\u00e1r szakmai tev\u00e9kenys\u00e9g\u00e9nek fejleszt\u00e9s\u00e9t c\u00e9lz\u00f3 IKT eszk\u00f6z\u00f6k beszerz\u00e9se\u201d c\u00edm\u0171 TOP-3.1.1.-15-BS1-2016-00008 azonos\u00edt\u00f3sz\u00e1m\u00fa projekt.<\/strong><strong>\u00a0<\/strong><\/p>\n<p>[\/et_pb_text][\/et_pb_column][et_pb_column type=&#8221;1_2&#8243;][et_pb_image src=&#8221;http:\/\/szeghalom.hu\/EFOP-4-1-8-16-2017-00086\/wp-content\/uploads\/2018\/01\/infoblokk_kedv_final_felso_cmyk_ERFA.jpg&#8221; animation=&#8221;off&#8221; sticky=&#8221;on&#8221; align=&#8221;right&#8221; always_center_on_mobile=&#8221;off&#8221; _builder_version=&#8221;3.0.82&#8243; show_in_lightbox=&#8221;off&#8221; url_new_window=&#8221;off&#8221; use_overlay=&#8221;off&#8221; border_style=&#8221;solid&#8221; force_fullwidth=&#8221;off&#8221; show_bottom_space=&#8221;off&#8221; box_shadow_position=&#8221;outer&#8221; \/][\/et_pb_column][\/et_pb_row][\/et_pb_section][et_pb_section bb_built=&#8221;1&#8243; custom_padding=&#8221;0px|10px|54px|10px&#8221; _builder_version=&#8221;3.0.64&#8243;][et_pb_row custom_padding=&#8221;0px|0px|0px|0px&#8221; _builder_version=&#8221;3.0.47&#8243; background_size=&#8221;initial&#8221; background_position=&#8221;top_left&#8221; background_repeat=&#8221;repeat&#8221;][et_pb_column type=&#8221;3_4&#8243;][et_pb_text _builder_version=&#8221;3.0.82&#8243; custom_margin=&#8221;100px|||&#8221; background_layout=&#8221;light&#8221; border_style=&#8221;solid&#8221; box_shadow_position=&#8221;outer&#8221;]<\/p>\n<p>Szeghalom V\u00e1ros \u00d6nkorm\u00e1nyzata sikeres projektet ny\u00fajtott be az EFOP-4.1.8-16 A k\u00f6nyvt\u00e1ri int\u00e9zm\u00e9nyrendszer tanul\u00e1st seg\u00edt\u0151 infrastruktur\u00e1lis fejleszt\u00e9sei c\u00edm\u0171 Felh\u00edv\u00e1sra. \u201eA szeghalmi\u00a0 Nagy Mikl\u00f3s V\u00e1rosi K\u00f6nyvt\u00e1r szakmai tev\u00e9kenys\u00e9g\u00e9nek fejleszt\u00e9s\u00e9t c\u00e9lz\u00f3 IKT eszk\u00f6z\u00f6k beszerz\u00e9se\u201d c\u00edm\u0171 projekt a Sz\u00e9chenyi 2020 program keret\u00e9ben val\u00f3sult meg, 13,43 milli\u00f3 forint eur\u00f3pai uni\u00f3s vissza nem t\u00e9r\u00edtend\u0151 t\u00e1mogat\u00e1s seg\u00edts\u00e9g\u00e9vel.<\/p>\n<p>A 13,43 milli\u00f3 forintos eur\u00f3pai uni\u00f3s projekt seg\u00edts\u00e9g\u00e9vel<\/p>\n<p>a projekt megval\u00f3s\u00edt\u00e1sa sor\u00e1n a tervezett foglalkoz\u00e1sok sikeres megval\u00f3s\u00edt\u00e1sa \u00e9rdek\u00e9ben k\u00f6nyvt\u00e1ri IKT eszk\u00f6z\u00f6k ker\u00fcltek beszerz\u00e9sre. 11 db sz\u00e1m\u00edt\u00f3g\u00e9pasztal monitorral,11 db g\u00f6rg\u0151s sz\u00e9k, 1 db TExtlib rendszer kieg\u00e9sz\u00edt\u0151 program-kiz\u00e1r\u00f3lagos jogosults\u00e1ggal, 2+1 db eszk\u00f6z a vakoknak \u00e9s<\/p>\n<p>gyeng\u00e9nl\u00e1t\u00f3knak, 15 + 3 db sz\u00e1m\u00edt\u00f3g\u00e9p, 13 + 10 db monitor, 5 db laptop, 1 projektor, 1+1 db nyomtat\u00f3, 1+1 db f\u00e9nyk\u00e9pez\u0151g\u00e9p, 1 db kamera, 1 db szkenner, \u00e9s tov\u00e1bbi informatikai kieg\u00e9sz\u00edt\u0151 eszk\u00f6z\u00f6k.<\/p>\n<p>A projekt C\u00c9LJA, hogy a k\u00f6nyvt\u00e1ri rendszer keret\u00e9n bel\u00fcl t\u00e1mogassa a kompetenciafejleszt\u00e9st az eg\u00e9sz \u00e9leten \u00e1t tart\u00f3 tanul\u00e1s \u00e9rdek\u00e9ben, valamint az IKT eszk\u00f6zfejleszt\u00e9ssel seg\u00edtse az oktat\u00e1st \u00e9s a ter\u00fcleti ell\u00e1t\u00e1st.<\/p>\n<p>A projekt fizikai befejez\u00e9se: 2019.06.30.<\/p>\n<p>A projektr\u0151l b\u0151vebb inform\u00e1ci\u00f3t a <a href=\"http:\/\/www.szeghalom.hu\">www.szeghalom.hu<\/a> oldalon olvashatnak.<\/p>\n<p>[\/et_pb_text][\/et_pb_column][et_pb_column type=&#8221;1_4&#8243;][\/et_pb_column][\/et_pb_row][\/et_pb_section]<\/p>\n","protected":false},"excerpt":{"rendered":"<p>[et_pb_section bb_built=&#8221;1&#8243; fullwidth=&#8221;on&#8221; _builder_version=&#8221;3.0.47&#8243;][et_pb_fullwidth_image animation=&#8221;off&#8221; _builder_version=&#8221;3.0.82&#8243; use_border_color=&#8221;on&#8221; border_color=&#8221;#000000&#8243; show_in_lightbox=&#8221;off&#8221; url_new_window=&#8221;off&#8221; use_overlay=&#8221;off&#8221; border_style=&#8221;solid&#8221; box_shadow_position=&#8221;outer&#8221; animation_direction=&#8221;off&#8221; \/][et_pb_fullwidth_menu _builder_version=&#8221;3.0.82&#8243; menu_id=&#8221;5&#8243; submenu_direction=&#8221;downwards&#8221; fullwidth_menu=&#8221;off&#8221; background_layout=&#8221;light&#8221; box_shadow_position=&#8221;outer&#8221; \/][\/et_pb_section][et_pb_section bb_built=&#8221;1&#8243; _builder_version=&#8221;3.0.47&#8243;][et_pb_row custom_padding=&#8221;0px|0px|0px|33px&#8221; _builder_version=&#8221;3.0.47&#8243; background_size=&#8221;initial&#8221; background_position=&#8221;top_left&#8221; background_repeat=&#8221;repeat&#8221;][et_pb_column type=&#8221;1_2&#8243;][et_pb_text _builder_version=&#8221;3.0.82&#8243; custom_margin=&#8221;100px|||&#8221; background_layout=&#8221;light&#8221; border_style=&#8221;solid&#8221; box_shadow_position=&#8221;outer&#8221;] Az EFOP-4.1.8-16-2017-00086 azonos\u00edt\u00f3sz\u00e1m\u00fa projekt Z\u00c1R\u00c1S\u00c1R\u00d3L Sikeresen megval\u00f3sult \u201eA szeghalmi Nagy Mikl\u00f3s V\u00e1rosi K\u00f6nyvt\u00e1r szakmai tev\u00e9kenys\u00e9g\u00e9nek fejleszt\u00e9s\u00e9t c\u00e9lz\u00f3 IKT eszk\u00f6z\u00f6k beszerz\u00e9se\u201d [&hellip;]<\/p>\n","protected":false},"author":1,"featured_media":0,"parent":0,"menu_order":0,"comment_status":"closed","ping_status":"closed","template":"page-template-blank.php","meta":[],"_links":{"self":[{"href":"https:\/\/szeghalom.hu\/EFOP-4-1-8-16-2017-00086\/wp-json\/wp\/v2\/pages\/504"}],"collection":[{"href":"https:\/\/szeghalom.hu\/EFOP-4-1-8-16-2017-00086\/wp-json\/wp\/v2\/pages"}],"about":[{"href":"https:\/\/szeghalom.hu\/EFOP-4-1-8-16-2017-00086\/wp-json\/wp\/v2\/types\/page"}],"author":[{"embeddable":true,"href":"https:\/\/szeghalom.hu\/EFOP-4-1-8-16-2017-00086\/wp-json\/wp\/v2\/users\/1"}],"replies":[{"embeddable":true,"href":"https:\/\/szeghalom.hu\/EFOP-4-1-8-16-2017-00086\/wp-json\/wp\/v2\/comments?post=504"}],"version-history":[{"count":5,"href":"https:\/\/szeghalom.hu\/EFOP-4-1-8-16-2017-00086\/wp-json\/wp\/v2\/pages\/504\/revisions"}],"predecessor-version":[{"id":514,"href":"https:\/\/szeghalom.hu\/EFOP-4-1-8-16-2017-00086\/wp-json\/wp\/v2\/pages\/504\/revisions\/514"}],"wp:attachment":[{"href":"https:\/\/szeghalom.hu\/EFOP-4-1-8-16-2017-00086\/wp-json\/wp\/v2\/media?parent=504"}],"curies":[{"name":"wp","href":"https:\/\/api.w.org\/{rel}","templated":true}]}}